{"id":1209,"date":"2024-11-27T09:23:20","date_gmt":"2024-11-27T09:23:20","guid":{"rendered":"https:\/\/valtruf.com\/producto\/seleccion-trufa-negra-en-trozos\/"},"modified":"2026-03-07T17:01:53","modified_gmt":"2026-03-07T17:01:53","slug":"seleccion-trufa-negra-en-trozos","status":"publish","type":"product","link":"https:\/\/valtruf.com\/en\/producto\/seleccion-trufa-negra-en-trozos\/","title":{"rendered":"VALTRUF SELECCI\u00d3N <br\/>Black truffle pieces"},"content":{"rendered":"<div class=\"wpb-content-wrapper\"><p>[vc_row css_animation=&#8221;&#8221; row_type=&#8221;row&#8221; use_row_as_full_screen_section=&#8221;no&#8221; type=&#8221;full_width&#8221; angled_section=&#8221;no&#8221; text_align=&#8221;left&#8221; background_image_as_pattern=&#8221;without_pattern&#8221; z_index=&#8221;&#8221; padding_bottom=&#8221;60&#8243;][vc_column][vc_column_text css=&#8221;&#8221;]<\/p>\n<h3 style=\"text-align: center;\"><span class=\"notion-enable-hover\" data-token-index=\"0\">Black truffle pieces<\/span><\/h3>\n<hr \/>\n<p>&nbsp;<\/p>\n<p>&nbsp;<\/p>\n<ul>\n<li>All our truffles are carefully inspected following the highest quality standards and procedures.<\/li>\n<li><strong>For larger quantities, you can contact us<\/strong> directly to receive a professional price offer.<\/li>\n<li>Recommended serving size, <strong>10 &#8211; 15 grams per person.<\/strong><\/li>\n<li><strong>Subscribe<\/strong> to receive consumption tips, recipes, offers, and special promotions by registering as a customer.<\/li>\n<li>Purchase our black truffles directly from our website with <strong>secure payment and free shipping, guaranteeing freshness with packaging designed exclusively for this purpose<\/strong>. For wholesale purchases, visit our contact link. Explore our Inspiration section for storage advice and classic recipes to enhance your culinary experience.<\/li>\n<\/ul>\n<p><!-- notionvc: bc7ee55a-4c11-47af-a09f-6e57a7aa4a04 -->[\/vc_column_text][\/vc_column][\/vc_row]<\/p>\n<\/div>","protected":false},"excerpt":{"rendered":"<p>These <strong>truffle pieces<\/strong> maintain the <strong>same quality<\/strong> as whole truffles but have suffered slight damage during harvesting, which does not affect their aroma or flavor.<\/p>\n","protected":false},"featured_media":1291,"template":"","meta":[],"product_brand":[],"product_cat":[46],"product_tag":[],"class_list":{"0":"post-1209","1":"product","2":"type-product","3":"status-publish","4":"has-post-thumbnail","6":"product_cat-black-truffle-pieces","8":"first","9":"outofstock","10":"taxable","11":"shipping-taxable","12":"purchasable","13":"product-type-variable","14":"has-default-attributes"},"yoast_head":"<!-- This site is optimized with the Yoast SEO plugin v27.3 - https:\/\/yoast.com\/product\/yoast-seo-wordpress\/ -->\n<title>Valtruf Selecci\u00f3n - Trufa negra en trozos<\/title>\n<meta name=\"description\" content=\"Compra online trufa negra en trozos, con la misma calidad\u00a0que una trufa entera, salvo alg\u00fan da\u00f1o durante recolecci\u00f3n que no afecta a su aroma ni sabor\" \/>\n<meta name=\"robots\" content=\"index, follow, max-snippet:-1, max-image-preview:large, max-video-preview:-1\" \/>\n<link rel=\"canonical\" href=\"https:\/\/valtruf.com\/en\/producto\/seleccion-trufa-negra-en-trozos\/\" \/>\n<meta property=\"og:locale\" content=\"en_US\" \/>\n<meta property=\"og:type\" content=\"article\" \/>\n<meta property=\"og:title\" content=\"Valtruf Selecci\u00f3n - Trufa negra en trozos\" \/>\n<meta property=\"og:description\" content=\"Compra online trufa negra en trozos, con la misma calidad\u00a0que una trufa entera, salvo alg\u00fan da\u00f1o durante recolecci\u00f3n que no afecta a su aroma ni sabor\" \/>\n<meta property=\"og:url\" content=\"https:\/\/valtruf.com\/en\/producto\/seleccion-trufa-negra-en-trozos\/\" \/>\n<meta property=\"og:site_name\" content=\"Valtruf\" \/>\n<meta property=\"article:publisher\" content=\"https:\/\/www.facebook.com\/arsenio.navarro.5?locale=es_ES\" \/>\n<meta property=\"article:modified_time\" content=\"2026-03-07T17:01:53+00:00\" \/>\n<meta property=\"og:image\" content=\"https:\/\/valtruf.com\/wp-content\/uploads\/2026\/03\/Trozo-scaled.jpg\" \/>\n\t<meta property=\"og:image:width\" content=\"2560\" \/>\n\t<meta property=\"og:image:height\" content=\"1709\" \/>\n\t<meta property=\"og:image:type\" content=\"image\/jpeg\" \/>\n<meta name=\"twitter:card\" content=\"summary_large_image\" \/>\n<meta name=\"twitter:label1\" content=\"Est. reading time\" \/>\n\t<meta name=\"twitter:data1\" content=\"1 minute\" \/>\n<script type=\"application\/ld+json\" class=\"yoast-schema-graph\">{\"@context\":\"https:\\\/\\\/schema.org\",\"@graph\":[{\"@type\":\"WebPage\",\"@id\":\"https:\\\/\\\/valtruf.com\\\/en\\\/producto\\\/seleccion-trufa-negra-en-trozos\\\/\",\"url\":\"https:\\\/\\\/valtruf.com\\\/en\\\/producto\\\/seleccion-trufa-negra-en-trozos\\\/\",\"name\":\"Valtruf Selecci\u00f3n - Trufa negra en trozos\",\"isPartOf\":{\"@id\":\"https:\\\/\\\/valtruf.com\\\/#website\"},\"primaryImageOfPage\":{\"@id\":\"https:\\\/\\\/valtruf.com\\\/en\\\/producto\\\/seleccion-trufa-negra-en-trozos\\\/#primaryimage\"},\"image\":{\"@id\":\"https:\\\/\\\/valtruf.com\\\/en\\\/producto\\\/seleccion-trufa-negra-en-trozos\\\/#primaryimage\"},\"thumbnailUrl\":\"https:\\\/\\\/valtruf.com\\\/wp-content\\\/uploads\\\/2026\\\/03\\\/Trozo-scaled.jpg\",\"datePublished\":\"2024-11-27T09:23:20+00:00\",\"dateModified\":\"2026-03-07T17:01:53+00:00\",\"description\":\"Compra online trufa negra en trozos, con la misma calidad\u00a0que una trufa entera, salvo alg\u00fan da\u00f1o durante recolecci\u00f3n que no afecta a su aroma ni sabor\",\"breadcrumb\":{\"@id\":\"https:\\\/\\\/valtruf.com\\\/en\\\/producto\\\/seleccion-trufa-negra-en-trozos\\\/#breadcrumb\"},\"inLanguage\":\"en-US\",\"potentialAction\":[{\"@type\":\"ReadAction\",\"target\":[\"https:\\\/\\\/valtruf.com\\\/en\\\/producto\\\/seleccion-trufa-negra-en-trozos\\\/\"]}]},{\"@type\":\"ImageObject\",\"inLanguage\":\"en-US\",\"@id\":\"https:\\\/\\\/valtruf.com\\\/en\\\/producto\\\/seleccion-trufa-negra-en-trozos\\\/#primaryimage\",\"url\":\"https:\\\/\\\/valtruf.com\\\/wp-content\\\/uploads\\\/2026\\\/03\\\/Trozo-scaled.jpg\",\"contentUrl\":\"https:\\\/\\\/valtruf.com\\\/wp-content\\\/uploads\\\/2026\\\/03\\\/Trozo-scaled.jpg\",\"width\":2560,\"height\":1709,\"caption\":\"VALTRUF SELECCI\u00d3N Black truffle pieces\"},{\"@type\":\"BreadcrumbList\",\"@id\":\"https:\\\/\\\/valtruf.com\\\/en\\\/producto\\\/seleccion-trufa-negra-en-trozos\\\/#breadcrumb\",\"itemListElement\":[{\"@type\":\"ListItem\",\"position\":1,\"name\":\"Portada\",\"item\":\"https:\\\/\\\/valtruf.com\\\/en\\\/\"},{\"@type\":\"ListItem\",\"position\":2,\"name\":\"Listado productos\",\"item\":\"https:\\\/\\\/valtruf.com\\\/listado-productos\\\/\"},{\"@type\":\"ListItem\",\"position\":3,\"name\":\"VALTRUF SELECCI\u00d3N Black truffle pieces\"}]},{\"@type\":\"WebSite\",\"@id\":\"https:\\\/\\\/valtruf.com\\\/#website\",\"url\":\"https:\\\/\\\/valtruf.com\\\/\",\"name\":\"Valtruf\",\"description\":\"Aromas que inspiran\",\"publisher\":{\"@id\":\"https:\\\/\\\/valtruf.com\\\/#organization\"},\"potentialAction\":[{\"@type\":\"SearchAction\",\"target\":{\"@type\":\"EntryPoint\",\"urlTemplate\":\"https:\\\/\\\/valtruf.com\\\/?s={search_term_string}\"},\"query-input\":{\"@type\":\"PropertyValueSpecification\",\"valueRequired\":true,\"valueName\":\"search_term_string\"}}],\"inLanguage\":\"en-US\"},{\"@type\":\"Organization\",\"@id\":\"https:\\\/\\\/valtruf.com\\\/#organization\",\"name\":\"Valtruf\",\"url\":\"https:\\\/\\\/valtruf.com\\\/\",\"logo\":{\"@type\":\"ImageObject\",\"inLanguage\":\"en-US\",\"@id\":\"https:\\\/\\\/valtruf.com\\\/#\\\/schema\\\/logo\\\/image\\\/\",\"url\":\"https:\\\/\\\/valtruf.com\\\/wp-content\\\/uploads\\\/2024\\\/11\\\/05-VALTRUF-LOGO-OSCURO-350X146.png\",\"contentUrl\":\"https:\\\/\\\/valtruf.com\\\/wp-content\\\/uploads\\\/2024\\\/11\\\/05-VALTRUF-LOGO-OSCURO-350X146.png\",\"width\":350,\"height\":145,\"caption\":\"Valtruf\"},\"image\":{\"@id\":\"https:\\\/\\\/valtruf.com\\\/#\\\/schema\\\/logo\\\/image\\\/\"},\"sameAs\":[\"https:\\\/\\\/www.facebook.com\\\/arsenio.navarro.5?locale=es_ES\",\"https:\\\/\\\/www.instagram.com\\\/valtruf\\\/\",\"https:\\\/\\\/www.youtube.com\\\/@valtruf-e5l\"]}]}<\/script>\n<!-- \/ Yoast SEO plugin. -->","yoast_head_json":{"title":"Valtruf Selecci\u00f3n - Trufa negra en trozos","description":"Compra online trufa negra en trozos, con la misma calidad\u00a0que una trufa entera, salvo alg\u00fan da\u00f1o durante recolecci\u00f3n que no afecta a su aroma ni sabor","robots":{"index":"index","follow":"follow","max-snippet":"max-snippet:-1","max-image-preview":"max-image-preview:large","max-video-preview":"max-video-preview:-1"},"canonical":"https:\/\/valtruf.com\/en\/producto\/seleccion-trufa-negra-en-trozos\/","og_locale":"en_US","og_type":"article","og_title":"Valtruf Selecci\u00f3n - Trufa negra en trozos","og_description":"Compra online trufa negra en trozos, con la misma calidad\u00a0que una trufa entera, salvo alg\u00fan da\u00f1o durante recolecci\u00f3n que no afecta a su aroma ni sabor","og_url":"https:\/\/valtruf.com\/en\/producto\/seleccion-trufa-negra-en-trozos\/","og_site_name":"Valtruf","article_publisher":"https:\/\/www.facebook.com\/arsenio.navarro.5?locale=es_ES","article_modified_time":"2026-03-07T17:01:53+00:00","og_image":[{"width":2560,"height":1709,"url":"https:\/\/valtruf.com\/wp-content\/uploads\/2026\/03\/Trozo-scaled.jpg","type":"image\/jpeg"}],"twitter_card":"summary_large_image","twitter_misc":{"Est. reading time":"1 minute"},"schema":{"@context":"https:\/\/schema.org","@graph":[{"@type":"WebPage","@id":"https:\/\/valtruf.com\/en\/producto\/seleccion-trufa-negra-en-trozos\/","url":"https:\/\/valtruf.com\/en\/producto\/seleccion-trufa-negra-en-trozos\/","name":"Valtruf Selecci\u00f3n - Trufa negra en trozos","isPartOf":{"@id":"https:\/\/valtruf.com\/#website"},"primaryImageOfPage":{"@id":"https:\/\/valtruf.com\/en\/producto\/seleccion-trufa-negra-en-trozos\/#primaryimage"},"image":{"@id":"https:\/\/valtruf.com\/en\/producto\/seleccion-trufa-negra-en-trozos\/#primaryimage"},"thumbnailUrl":"https:\/\/valtruf.com\/wp-content\/uploads\/2026\/03\/Trozo-scaled.jpg","datePublished":"2024-11-27T09:23:20+00:00","dateModified":"2026-03-07T17:01:53+00:00","description":"Compra online trufa negra en trozos, con la misma calidad\u00a0que una trufa entera, salvo alg\u00fan da\u00f1o durante recolecci\u00f3n que no afecta a su aroma ni sabor","breadcrumb":{"@id":"https:\/\/valtruf.com\/en\/producto\/seleccion-trufa-negra-en-trozos\/#breadcrumb"},"inLanguage":"en-US","potentialAction":[{"@type":"ReadAction","target":["https:\/\/valtruf.com\/en\/producto\/seleccion-trufa-negra-en-trozos\/"]}]},{"@type":"ImageObject","inLanguage":"en-US","@id":"https:\/\/valtruf.com\/en\/producto\/seleccion-trufa-negra-en-trozos\/#primaryimage","url":"https:\/\/valtruf.com\/wp-content\/uploads\/2026\/03\/Trozo-scaled.jpg","contentUrl":"https:\/\/valtruf.com\/wp-content\/uploads\/2026\/03\/Trozo-scaled.jpg","width":2560,"height":1709,"caption":"VALTRUF SELECCI\u00d3N Black truffle pieces"},{"@type":"BreadcrumbList","@id":"https:\/\/valtruf.com\/en\/producto\/seleccion-trufa-negra-en-trozos\/#breadcrumb","itemListElement":[{"@type":"ListItem","position":1,"name":"Portada","item":"https:\/\/valtruf.com\/en\/"},{"@type":"ListItem","position":2,"name":"Listado productos","item":"https:\/\/valtruf.com\/listado-productos\/"},{"@type":"ListItem","position":3,"name":"VALTRUF SELECCI\u00d3N Black truffle pieces"}]},{"@type":"WebSite","@id":"https:\/\/valtruf.com\/#website","url":"https:\/\/valtruf.com\/","name":"Valtruf","description":"Aromas que inspiran","publisher":{"@id":"https:\/\/valtruf.com\/#organization"},"potentialAction":[{"@type":"SearchAction","target":{"@type":"EntryPoint","urlTemplate":"https:\/\/valtruf.com\/?s={search_term_string}"},"query-input":{"@type":"PropertyValueSpecification","valueRequired":true,"valueName":"search_term_string"}}],"inLanguage":"en-US"},{"@type":"Organization","@id":"https:\/\/valtruf.com\/#organization","name":"Valtruf","url":"https:\/\/valtruf.com\/","logo":{"@type":"ImageObject","inLanguage":"en-US","@id":"https:\/\/valtruf.com\/#\/schema\/logo\/image\/","url":"https:\/\/valtruf.com\/wp-content\/uploads\/2024\/11\/05-VALTRUF-LOGO-OSCURO-350X146.png","contentUrl":"https:\/\/valtruf.com\/wp-content\/uploads\/2024\/11\/05-VALTRUF-LOGO-OSCURO-350X146.png","width":350,"height":145,"caption":"Valtruf"},"image":{"@id":"https:\/\/valtruf.com\/#\/schema\/logo\/image\/"},"sameAs":["https:\/\/www.facebook.com\/arsenio.navarro.5?locale=es_ES","https:\/\/www.instagram.com\/valtruf\/","https:\/\/www.youtube.com\/@valtruf-e5l"]}]}},"_links":{"self":[{"href":"https:\/\/valtruf.com\/en\/wp-json\/wp\/v2\/product\/1209","targetHints":{"allow":["GET"]}}],"collection":[{"href":"https:\/\/valtruf.com\/en\/wp-json\/wp\/v2\/product"}],"about":[{"href":"https:\/\/valtruf.com\/en\/wp-json\/wp\/v2\/types\/product"}],"wp:featuredmedia":[{"embeddable":true,"href":"https:\/\/valtruf.com\/en\/wp-json\/wp\/v2\/media\/1291"}],"wp:attachment":[{"href":"https:\/\/valtruf.com\/en\/wp-json\/wp\/v2\/media?parent=1209"}],"wp:term":[{"taxonomy":"product_brand","embeddable":true,"href":"https:\/\/valtruf.com\/en\/wp-json\/wp\/v2\/product_brand?post=1209"},{"taxonomy":"product_cat","embeddable":true,"href":"https:\/\/valtruf.com\/en\/wp-json\/wp\/v2\/product_cat?post=1209"},{"taxonomy":"product_tag","embeddable":true,"href":"https:\/\/valtruf.com\/en\/wp-json\/wp\/v2\/product_tag?post=1209"}],"curies":[{"name":"wp","href":"https:\/\/api.w.org\/{rel}","templated":true}]}}