{"id":1118,"date":"2025-11-20T14:32:11","date_gmt":"2025-11-20T14:32:11","guid":{"rendered":"https:\/\/valtruf.com\/inicio-nueva\/"},"modified":"2026-03-07T16:37:50","modified_gmt":"2026-03-07T16:37:50","slug":"inicio-nueva","status":"publish","type":"page","link":"https:\/\/valtruf.com\/en\/","title":{"rendered":"Home"},"content":{"rendered":"<div class=\"wpb-content-wrapper\"><p>[vc_row css_animation=&#8221;&#8221; row_type=&#8221;row&#8221; use_row_as_full_screen_section=&#8221;no&#8221; type=&#8221;full_width&#8221; angled_section=&#8221;no&#8221; text_align=&#8221;left&#8221; background_image_as_pattern=&#8221;without_pattern&#8221;][vc_column]\n\t\t\t\t<p class=\"rs-p-wp-fix\"><\/p>\n\t\t\t\t<sr7-module data-alias=\"valtruf-inicio-02-1\" data-id=\"11\" id=\"SR7_11_1\" class=\"rs-ov-hidden\" data-version=\"6.7.20\">\n\t\t\t\t\t<sr7-adjuster><\/sr7-adjuster>\n\t\t\t\t\t<sr7-content>\n\t\t\t\t\t\t<sr7-slide id=\"SR7_11_1-21\" data-key=\"21\">\n\t\t\t\t\t\t\t<sr7-bg id=\"SR7_11_1-21-6\" class=\"sr7-layer\"><noscript><img decoding=\"async\" src=\"https:\/\/valtruf.com\/wp-content\/uploads\/2024\/12\/133-VALTRUF.jpg\" alt=\"Trufa negra entera ecol\u00f3gica, Trufa negra entera y trufa en negra en trozos - Valtruf\" title=\"133-VALTRUF\"><\/noscript><\/sr7-bg>\n\t\t\t\t\t\t\t<h1 id=\"SR7_11_1-21-0\" class=\"sr7-layer\">Organic Black Truffle Producers in Valencia<\/h1>\n\t\t\t\t\t\t\t<a id=\"SR7_11_1-21-4\" class=\"sr7-layer\" href=\"https:\/\/valtruf.com\/en\/shop\/\" target=\"_self\">BUY BLACK TRUFFLE <i class=\"material-icons\">arrow_forward_ios<\/i><\/a>\n\t\t\t\t\t\t<\/sr7-slide>\n\t\t\t\t\t\t<sr7-slide id=\"SR7_11_1-22\" data-key=\"22\">\n\t\t\t\t\t\t<\/sr7-slide>\n\t\t\t\t\t<\/sr7-content>\n\t\t\t\t\t<image_lists style=\"display:none\">\n\t\t\t\t\t\t<img data-src=\"\/\/valtruf.com\/wp-content\/uploads\/2024\/11\/024-VALTRUF-ISOTIPO.png\" data-libid=\"153\" data-lib=\"medialibrary\" title=\"024-VALTRUF-ISOTIPO\" width=\"0\" height=\"0\" data-dbsrc=\"Ly92YWx0cnVmLmNvbS93cC1jb250ZW50L3VwbG9hZHMvMjAyNC8xMS8wMjQtVkFMVFJVRi1JU09USVBPLnBuZw==\"\/>\n\t\t\t\t\t\t<img data-src=\"\/\/valtruf.com\/wp-content\/uploads\/2024\/12\/135-VALTRUF.jpg\" data-libid=\"597\" data-lib=\"medialibrary\" alt=\"Trufa negra entera ecol\u00f3gica, Trufa negra entera y trufa en negra en trozos - Valtruf\" title=\"135-VALTRUF\" width=\"0\" height=\"0\" data-dbsrc=\"Ly92YWx0cnVmLmNvbS93cC1jb250ZW50L3VwbG9hZHMvMjAyNC8xMi8xMzUtVkFMVFJVRi5qcGc=\"\/>\n\t\t\t\t\t\t<img data-src=\"\/\/valtruf.com\/wp-content\/uploads\/2024\/11\/051-VALTRUF-v-clara-02.png\" data-libid=\"231\" data-lib=\"medialibrary\" title=\"051-VALTRUF-v clara 02\" width=\"0\" height=\"0\" data-dbsrc=\"Ly92YWx0cnVmLmNvbS93cC1jb250ZW50L3VwbG9hZHMvMjAyNC8xMS8wNTEtVkFMVFJVRi12LWNsYXJhLTAyLnBuZw==\"\/>\n\t\t\t\t\t\t<img data-src=\"\/\/valtruf.com\/wp-content\/uploads\/2024\/12\/133-VALTRUF.jpg\" data-libid=\"594\" data-lib=\"medialibrary\" alt=\"Trufa negra entera ecol\u00f3gica, Trufa negra entera y trufa en negra en trozos - Valtruf\" title=\"133-VALTRUF\" width=\"0\" height=\"0\" data-dbsrc=\"Ly92YWx0cnVmLmNvbS93cC1jb250ZW50L3VwbG9hZHMvMjAyNC8xMi8xMzMtVkFMVFJVRi5qcGc=\"\/>\n\t\t\t\t\t<\/image_lists>\n\t\t\t\t<\/sr7-module>\n\t\t\t\t<script>\n\t\t\t\t\tSR7.PMH ??={}; SR7.PMH[\"SR7_11_1\"] = {cn:0,state:false,fn: function() { if (_tpt!==undefined && _tpt.prepareModuleHeight !== undefined) {  _tpt.prepareModuleHeight({id:\"SR7_11_1\",el:[1080,1080,768,960,720],type:'standard',shdw:'0',gh:[1080,1080,768,960,720],gw:[1920,1920,1024,778,480],vpt:['100px&#039;,&#039;100px&#039;,&#039;100px&#039;,&#039;100px&#039;,&#039;100px'],size:{fullWidth:true, fullHeight:true},fho:',',mh:'0',onh:0,onw:0,bg:{color:'{\"orig\":\"transparent\",\"type\":\"solid\",\"string\":\"transparent\"}'}});   SR7.PMH[\"SR7_11_1\"].state=true;} else if((SR7.PMH[\"SR7_11_1\"].cn++)<100)\tsetTimeout( SR7.PMH[\"SR7_11_1\"].fn,19);}};SR7.PMH[\"SR7_11_1\" ].fn();\n\t\t\t\t<\/script>\n[\/vc_column][\/vc_row][vc_row css_animation=&#8221;&#8221; row_type=&#8221;row&#8221; use_row_as_full_screen_section=&#8221;no&#8221; type=&#8221;grid&#8221; angled_section=&#8221;no&#8221; text_align=&#8221;left&#8221; background_image_as_pattern=&#8221;without_pattern&#8221; z_index=&#8221;&#8221; padding_top=&#8221;150&#8243; padding_bottom=&#8221;30&#8243; background_color=&#8221;#FFFFFF&#8221;][vc_column][vc_column_text css=&#8221;&#8221;]<\/p>\n<h2 style=\"text-align: center; font-size: 28px;\"><em>We cultivate organic and regenerative black truffles of the highest quality, offering unique sponsorship experiences and truffle tourism.<\/em><\/h2>\n<p>[\/vc_column_text][\/vc_column][\/vc_row][vc_row css_animation=&#8221;&#8221; row_type=&#8221;row&#8221; use_row_as_full_screen_section=&#8221;no&#8221; type=&#8221;full_width&#8221; angled_section=&#8221;no&#8221; text_align=&#8221;left&#8221; background_image_as_pattern=&#8221;without_pattern&#8221; z_index=&#8221;&#8221; padding_top=&#8221;90&#8243; padding_bottom=&#8221;90&#8243; side_padding=&#8221;10&#8243; background_color=&#8221;#FFFFFF&#8221;][vc_column width=&#8221;1\/3&#8243; css=&#8221;.vc_custom_1734628146784{padding: 30px !important;}&#8221;][vc_single_image image=&#8221;1328&#8243; img_size=&#8221;full&#8221; alignment=&#8221;center&#8221; style=&#8221;vc_box_outline_circle_2&#8243; css=&#8221;&#8221; qode_css_animation=&#8221;&#8221; qode_hover_animation=&#8221;zoom_in&#8221;][vc_empty_space height=&#8221;30px&#8221;][vc_column_text css=&#8221;&#8221;]<\/p>\n<h3 class=\"q_team_name\"><span class=\"notion-enable-hover\" data-token-index=\"0\">Buy Fresh Black Truffle<\/span><br \/>\n<!-- notionvc: 7064a75c-72af-4bd1-9cd6-c642ded8fbdb --><\/h3>\n<p>&nbsp;<\/p>\n<p>Let yourself be captivated by our fresh black truffle, a culinary treasure that will transform your gastronomic experience with its unmatched quality and aroma.[\/vc_column_text][vc_empty_space]<a  itemprop=\"url\" href=\"https:\/\/valtruf.com\/en\/shop\/#trufa\" target=\"_self\"  class=\"qbutton  default\" style=\"\">BUY BLACK TRUFFLE ONLINE<\/a>[vc_empty_space height=&#8221;72px&#8221;][\/vc_column][vc_column width=&#8221;1\/3&#8243; css=&#8221;.vc_custom_1734635195462{padding-top: 30px !important;padding-right: 30px !important;padding-bottom: 30px !important;padding-left: 30px !important;border-color: #FFFFFF !important;}&#8221;][vc_single_image image=&#8221;1089&#8243; img_size=&#8221;full&#8221; alignment=&#8221;center&#8221; css=&#8221;&#8221; qode_css_animation=&#8221;&#8221; qode_hover_animation=&#8221;zoom_in&#8221;][vc_empty_space height=&#8221;30px&#8221;][vc_column_text css=&#8221;&#8221;]<\/p>\n<h3 class=\"q_team_name\">Sponsor Your Truffle Oak<!-- notionvc: 7064a75c-72af-4bd1-9cd6-c642ded8fbdb --><\/h3>\n<p>&nbsp;<\/p>\n<p>Can you imagine being part of a project that connects your values with nature, while enjoying exclusive products and unforgettable experiences? Receive benefits such as a premium-quality black truffle and a personalized certificate.<br \/>\n<!-- notionvc: fb7e4b59-f7c6-4e23-96b0-b7a7e34afc85 --><\/p>\n<p><!-- notionvc: dc35d4ef-04fa-4120-a92a-18444031c72f -->[\/vc_column_text][vc_empty_space]<a  itemprop=\"url\" href=\"https:\/\/valtruf.com\/en\/shop\/#apadrina\" target=\"_self\"  class=\"qbutton  default\" style=\"\">I WANT TO KNOW MORE<\/a>[vc_empty_space height=&#8221;72px&#8221;][\/vc_column][vc_column width=&#8221;1\/3&#8243; css=&#8221;.vc_custom_1734628167748{padding: 30px !important;}&#8221;][vc_single_image image=&#8221;1106&#8243; img_size=&#8221;full&#8221; alignment=&#8221;center&#8221; css=&#8221;&#8221; qode_css_animation=&#8221;&#8221; qode_hover_animation=&#8221;zoom_in&#8221;][vc_empty_space height=&#8221;30px&#8221;][vc_column_text css=&#8221;&#8221;]<\/p>\n<h3 class=\"q_team_name\">Truffle Tourism<!-- notionvc: 7064a75c-72af-4bd1-9cd6-c642ded8fbdb --><\/h3>\n<p>&nbsp;<\/p>\n<p>Discover the history and secrets of the black truffle in our fields, where we cultivate more than fungi \u2014 we create unforgettable moments.[\/vc_column_text][vc_empty_space]<a  itemprop=\"url\" href=\"https:\/\/valtruf.com\/en\/shop\/#trufiturismo\" target=\"_self\"  class=\"qbutton  default\" style=\"\">MORE INFORMATION<\/a>[\/vc_column][\/vc_row]<\/p>\n<\/div>","protected":false},"excerpt":{"rendered":"<p>[vc_row css_animation=&#8221;&#8221; row_type=&#8221;row&#8221; use_row_as_full_screen_section=&#8221;no&#8221; type=&#8221;full_width&#8221; angled_section=&#8221;no&#8221; text_align=&#8221;left&#8221; background_image_as_pattern=&#8221;without_pattern&#8221;][vc_column][\/vc_column][\/vc_row][vc_row css_animation=&#8221;&#8221; row_type=&#8221;row&#8221; use_row_as_full_screen_section=&#8221;no&#8221; type=&#8221;grid&#8221; angled_section=&#8221;no&#8221; text_align=&#8221;left&#8221; background_image_as_pattern=&#8221;without_pattern&#8221; z_index=&#8221;&#8221; padding_top=&#8221;150&#8243; padding_bottom=&#8221;30&#8243; background_color=&#8221;#FFFFFF&#8221;][vc_column][vc_column_text css=&#8221;&#8221;] We cultivate organic and regenerative black truffles of the highest quality, offering unique sponsorship experiences and truffle tourism. [\/vc_column_text][\/vc_column][\/vc_row][vc_row css_animation=&#8221;&#8221; row_type=&#8221;row&#8221; use_row_as_full_screen_section=&#8221;no&#8221; type=&#8221;full_width&#8221; angled_section=&#8221;no&#8221; text_align=&#8221;left&#8221;&#8230;<\/p>\n","protected":false},"author":1,"featured_media":0,"parent":0,"menu_order":0,"comment_status":"closed","ping_status":"closed","template":"full_width.php","meta":{"footnotes":""},"class_list":["post-1118","page","type-page","status-publish","hentry"],"yoast_head":"<!-- This site is optimized with the Yoast SEO plugin v27.3 - https:\/\/yoast.com\/product\/yoast-seo-wordpress\/ -->\n<title>Valtruf - Productores de trufa negra ecol\u00f3gica en Valencia<\/title>\n<meta name=\"description\" content=\"Cultivamos trufa negra ecol\u00f3gica y regenerativa de la m\u00e1xima calidad y experiencias \u00fanicas de apadrinamiento y trufiturismo en Valencia\" \/>\n<meta name=\"robots\" content=\"index, follow, max-snippet:-1, max-image-preview:large, max-video-preview:-1\" \/>\n<link rel=\"canonical\" href=\"https:\/\/valtruf.com\/en\/\" \/>\n<meta property=\"og:locale\" content=\"en_US\" \/>\n<meta property=\"og:type\" content=\"article\" \/>\n<meta property=\"og:title\" content=\"Valtruf - Productores de trufa negra ecol\u00f3gica en Valencia\" \/>\n<meta property=\"og:description\" content=\"Cultivamos trufa negra ecol\u00f3gica y regenerativa de la m\u00e1xima calidad y experiencias \u00fanicas de apadrinamiento y trufiturismo en Valencia\" \/>\n<meta property=\"og:url\" content=\"https:\/\/valtruf.com\/en\/\" \/>\n<meta property=\"og:site_name\" content=\"Valtruf\" \/>\n<meta property=\"article:publisher\" content=\"https:\/\/www.facebook.com\/arsenio.navarro.5?locale=es_ES\" \/>\n<meta property=\"article:modified_time\" content=\"2026-03-07T16:37:50+00:00\" \/>\n<meta property=\"og:image\" content=\"https:\/\/valtruf.com\/wp-content\/uploads\/2024\/11\/05-VALTRUF-LOGO-OSCURO-350X146.png\" \/>\n\t<meta property=\"og:image:width\" content=\"350\" \/>\n\t<meta property=\"og:image:height\" content=\"145\" \/>\n\t<meta property=\"og:image:type\" content=\"image\/png\" \/>\n<meta name=\"twitter:card\" content=\"summary_large_image\" \/>\n<meta name=\"twitter:label1\" content=\"Est. reading time\" \/>\n\t<meta name=\"twitter:data1\" content=\"2 minutes\" \/>\n<script type=\"application\/ld+json\" class=\"yoast-schema-graph\">{\"@context\":\"https:\\\/\\\/schema.org\",\"@graph\":[{\"@type\":\"WebPage\",\"@id\":\"https:\\\/\\\/valtruf.com\\\/en\\\/\",\"url\":\"https:\\\/\\\/valtruf.com\\\/en\\\/\",\"name\":\"Valtruf - Productores de trufa negra ecol\u00f3gica en Valencia\",\"isPartOf\":{\"@id\":\"https:\\\/\\\/valtruf.com\\\/#website\"},\"datePublished\":\"2025-11-20T14:32:11+00:00\",\"dateModified\":\"2026-03-07T16:37:50+00:00\",\"description\":\"Cultivamos trufa negra ecol\u00f3gica y regenerativa de la m\u00e1xima calidad y experiencias \u00fanicas de apadrinamiento y trufiturismo en Valencia\",\"breadcrumb\":{\"@id\":\"https:\\\/\\\/valtruf.com\\\/en\\\/#breadcrumb\"},\"inLanguage\":\"en-US\",\"potentialAction\":[{\"@type\":\"ReadAction\",\"target\":[\"https:\\\/\\\/valtruf.com\\\/en\\\/\"]}]},{\"@type\":\"BreadcrumbList\",\"@id\":\"https:\\\/\\\/valtruf.com\\\/en\\\/#breadcrumb\",\"itemListElement\":[{\"@type\":\"ListItem\",\"position\":1,\"name\":\"Portada\",\"item\":\"https:\\\/\\\/valtruf.com\\\/en\\\/\"},{\"@type\":\"ListItem\",\"position\":2,\"name\":\"Home\"}]},{\"@type\":\"WebSite\",\"@id\":\"https:\\\/\\\/valtruf.com\\\/#website\",\"url\":\"https:\\\/\\\/valtruf.com\\\/\",\"name\":\"Valtruf\",\"description\":\"Aromas que inspiran\",\"publisher\":{\"@id\":\"https:\\\/\\\/valtruf.com\\\/#organization\"},\"potentialAction\":[{\"@type\":\"SearchAction\",\"target\":{\"@type\":\"EntryPoint\",\"urlTemplate\":\"https:\\\/\\\/valtruf.com\\\/?s={search_term_string}\"},\"query-input\":{\"@type\":\"PropertyValueSpecification\",\"valueRequired\":true,\"valueName\":\"search_term_string\"}}],\"inLanguage\":\"en-US\"},{\"@type\":\"Organization\",\"@id\":\"https:\\\/\\\/valtruf.com\\\/#organization\",\"name\":\"Valtruf\",\"url\":\"https:\\\/\\\/valtruf.com\\\/\",\"logo\":{\"@type\":\"ImageObject\",\"inLanguage\":\"en-US\",\"@id\":\"https:\\\/\\\/valtruf.com\\\/#\\\/schema\\\/logo\\\/image\\\/\",\"url\":\"https:\\\/\\\/valtruf.com\\\/wp-content\\\/uploads\\\/2024\\\/11\\\/05-VALTRUF-LOGO-OSCURO-350X146.png\",\"contentUrl\":\"https:\\\/\\\/valtruf.com\\\/wp-content\\\/uploads\\\/2024\\\/11\\\/05-VALTRUF-LOGO-OSCURO-350X146.png\",\"width\":350,\"height\":145,\"caption\":\"Valtruf\"},\"image\":{\"@id\":\"https:\\\/\\\/valtruf.com\\\/#\\\/schema\\\/logo\\\/image\\\/\"},\"sameAs\":[\"https:\\\/\\\/www.facebook.com\\\/arsenio.navarro.5?locale=es_ES\",\"https:\\\/\\\/www.instagram.com\\\/valtruf\\\/\",\"https:\\\/\\\/www.youtube.com\\\/@valtruf-e5l\"]}]}<\/script>\n<!-- \/ Yoast SEO plugin. -->","yoast_head_json":{"title":"Valtruf - Productores de trufa negra ecol\u00f3gica en Valencia","description":"Cultivamos trufa negra ecol\u00f3gica y regenerativa de la m\u00e1xima calidad y experiencias \u00fanicas de apadrinamiento y trufiturismo en Valencia","robots":{"index":"index","follow":"follow","max-snippet":"max-snippet:-1","max-image-preview":"max-image-preview:large","max-video-preview":"max-video-preview:-1"},"canonical":"https:\/\/valtruf.com\/en\/","og_locale":"en_US","og_type":"article","og_title":"Valtruf - Productores de trufa negra ecol\u00f3gica en Valencia","og_description":"Cultivamos trufa negra ecol\u00f3gica y regenerativa de la m\u00e1xima calidad y experiencias \u00fanicas de apadrinamiento y trufiturismo en Valencia","og_url":"https:\/\/valtruf.com\/en\/","og_site_name":"Valtruf","article_publisher":"https:\/\/www.facebook.com\/arsenio.navarro.5?locale=es_ES","article_modified_time":"2026-03-07T16:37:50+00:00","og_image":[{"width":350,"height":145,"url":"https:\/\/valtruf.com\/wp-content\/uploads\/2024\/11\/05-VALTRUF-LOGO-OSCURO-350X146.png","type":"image\/png"}],"twitter_card":"summary_large_image","twitter_misc":{"Est. reading time":"2 minutes"},"schema":{"@context":"https:\/\/schema.org","@graph":[{"@type":"WebPage","@id":"https:\/\/valtruf.com\/en\/","url":"https:\/\/valtruf.com\/en\/","name":"Valtruf - Productores de trufa negra ecol\u00f3gica en Valencia","isPartOf":{"@id":"https:\/\/valtruf.com\/#website"},"datePublished":"2025-11-20T14:32:11+00:00","dateModified":"2026-03-07T16:37:50+00:00","description":"Cultivamos trufa negra ecol\u00f3gica y regenerativa de la m\u00e1xima calidad y experiencias \u00fanicas de apadrinamiento y trufiturismo en Valencia","breadcrumb":{"@id":"https:\/\/valtruf.com\/en\/#breadcrumb"},"inLanguage":"en-US","potentialAction":[{"@type":"ReadAction","target":["https:\/\/valtruf.com\/en\/"]}]},{"@type":"BreadcrumbList","@id":"https:\/\/valtruf.com\/en\/#breadcrumb","itemListElement":[{"@type":"ListItem","position":1,"name":"Portada","item":"https:\/\/valtruf.com\/en\/"},{"@type":"ListItem","position":2,"name":"Home"}]},{"@type":"WebSite","@id":"https:\/\/valtruf.com\/#website","url":"https:\/\/valtruf.com\/","name":"Valtruf","description":"Aromas que inspiran","publisher":{"@id":"https:\/\/valtruf.com\/#organization"},"potentialAction":[{"@type":"SearchAction","target":{"@type":"EntryPoint","urlTemplate":"https:\/\/valtruf.com\/?s={search_term_string}"},"query-input":{"@type":"PropertyValueSpecification","valueRequired":true,"valueName":"search_term_string"}}],"inLanguage":"en-US"},{"@type":"Organization","@id":"https:\/\/valtruf.com\/#organization","name":"Valtruf","url":"https:\/\/valtruf.com\/","logo":{"@type":"ImageObject","inLanguage":"en-US","@id":"https:\/\/valtruf.com\/#\/schema\/logo\/image\/","url":"https:\/\/valtruf.com\/wp-content\/uploads\/2024\/11\/05-VALTRUF-LOGO-OSCURO-350X146.png","contentUrl":"https:\/\/valtruf.com\/wp-content\/uploads\/2024\/11\/05-VALTRUF-LOGO-OSCURO-350X146.png","width":350,"height":145,"caption":"Valtruf"},"image":{"@id":"https:\/\/valtruf.com\/#\/schema\/logo\/image\/"},"sameAs":["https:\/\/www.facebook.com\/arsenio.navarro.5?locale=es_ES","https:\/\/www.instagram.com\/valtruf\/","https:\/\/www.youtube.com\/@valtruf-e5l"]}]}},"_links":{"self":[{"href":"https:\/\/valtruf.com\/en\/wp-json\/wp\/v2\/pages\/1118","targetHints":{"allow":["GET"]}}],"collection":[{"href":"https:\/\/valtruf.com\/en\/wp-json\/wp\/v2\/pages"}],"about":[{"href":"https:\/\/valtruf.com\/en\/wp-json\/wp\/v2\/types\/page"}],"author":[{"embeddable":true,"href":"https:\/\/valtruf.com\/en\/wp-json\/wp\/v2\/users\/1"}],"replies":[{"embeddable":true,"href":"https:\/\/valtruf.com\/en\/wp-json\/wp\/v2\/comments?post=1118"}],"version-history":[{"count":5,"href":"https:\/\/valtruf.com\/en\/wp-json\/wp\/v2\/pages\/1118\/revisions"}],"predecessor-version":[{"id":1333,"href":"https:\/\/valtruf.com\/en\/wp-json\/wp\/v2\/pages\/1118\/revisions\/1333"}],"wp:attachment":[{"href":"https:\/\/valtruf.com\/en\/wp-json\/wp\/v2\/media?parent=1118"}],"curies":[{"name":"wp","href":"https:\/\/api.w.org\/{rel}","templated":true}]}}